{"id":719,"date":"2019-05-12T10:56:48","date_gmt":"2019-05-12T14:56:48","guid":{"rendered":"https:\/\/corporacionute-usach.cl\/wp\/?page_id=719"},"modified":"2019-05-12T10:56:51","modified_gmt":"2019-05-12T14:56:51","slug":"oscar-segundo-arros-yanez","status":"publish","type":"page","link":"https:\/\/corporacionute-usach.cl\/wp\/memoria\/oscar-segundo-arros-yanez\/","title":{"rendered":"OSCAR SEGUNDO ARROS YA\u00d1EZ"},"content":{"rendered":"<p style=\"text-align: justify;\"><img loading=\"lazy\" class=\"wp-image-717 alignleft\" src=\"https:\/\/corporacionute-usach.cl\/wp\/wp-content\/uploads\/2019\/05\/Arros_Yanez_Oscar_Segundo.jpg\" alt=\"\" width=\"345\" height=\"264\" \/>El 28 de septiembre de 1975 fue muerto <strong>Oscar Segundo ARROS YA\u00d1EZ<\/strong>, tornero, militante del MIR., Estudiante de la Universidad T\u00e9cnica del Estado, de la carrera de Ingenier\u00eda. \u00c9l hab\u00eda sido detenido el d\u00eda 26 de ese mes en Lota, siendo conducido por miembros de la DINA al Estadio El Morro de Talcahuano.<\/p>\n<p style=\"text-align: justify;\">Al d\u00eda siguiente el detenido fue llevado por sus captores a su domicilio para que se cambiara de ropa. Su c\u00f3nyuge pudo apreciar que se encontraba en mal estado, lleno de hematomas.El d\u00eda 28 se le inform\u00f3 que el cuerpo se encontraba en la morgue del Hospital de Lota Bajo, donde hab\u00eda sido llevado ya muerto por cinco funcionarios de la DINA.\u00a0 Un m\u00e9dico le comunic\u00f3 a la familia que hab\u00eda sido flagelado y que registraba dos impactos de bala.\u00a0 En atenci\u00f3n a ella esta Comisi\u00f3n lo considera como ejecutado por funcionarios de la DINA, quienes violaron as\u00ed sus derechos humanos<\/p>\n<p style=\"text-align: justify;\"><strong>Resumen.cl<\/strong><\/p>\n<p style=\"text-align: justify;\"><strong>08 de Noviembre de 2012<\/strong><\/p>\n<p style=\"text-align: justify;\"><strong>Reconstituyen ejecuci\u00f3n del mirista lotino Oscar Arros\u00a0<\/strong><\/p>\n<p style=\"text-align: justify;\">Esta ma\u00f1ana en los tribunales de justicia de Concepci\u00f3n se realiz\u00f3, lo que de acuerdo a Carlos Aldana ministro de la corte de apelaciones Concepci\u00f3n a cargo del caso, fue la \u00faltima diligencia importante en el caso de la ejecuci\u00f3n del militante del MIR Oscar Segundo Arros Ya\u00f1ez estudiante de la UTE y trabajador de Enacar asesinado a los 28 a\u00f1os de edad. En esta diligencia se tomaron declaraciones a dos de sus captores agentes del Servicio de Inteligencia Regional (SIRE) organismo de la dictadura en el que participaban miembros de la armada, investigaciones y carabineros, ellos son Luis Alberto R\u00edos Salamanca\u00a0 y Arturo Jorge Calder\u00f3n Passalacqua, quien es el que finalmente asesina al joven lotino. Cabe destacar que Calder\u00f3n (capit\u00e1n de fragata) figura en los registros p\u00fablicos del gobierno de capacitaci\u00f3n dentro de las OTEC de vigilantes privados mar\u00edtimos.<\/p>\n<p style=\"text-align: justify;\">Un tercer involucrado ser\u00eda Osvaldo Francisco Harnish Salazar, condenado por el caso de Rudy C\u00e1rcamo, militante mirista de Talcahuano, tambi\u00e9n asesinado por organismos de la dictadura<\/p>\n<p style=\"text-align: justify;\">En la ocasi\u00f3n, tambi\u00e9n se tomaron declaraciones de los dos testigos de la ejecuci\u00f3n, Antonio Burgos Chaparro y Luis S\u00e1nchez Dionisio quienes hab\u00edan sido torturados y se encontraban prisioneros sentados junto a \u00d3scar al momento de ser ejecutado. Durante la ma\u00f1ana dentro del mismo proceso se realiz\u00f3 una reconstituci\u00f3n de escena en el cuartel de la PDI donde los ex &#8211; presos pol\u00edticos que iban en la camioneta junto a \u00d3scar participaron de la recreaci\u00f3n de los hechos y debieron enfrentar nuevamente el rostro de sus captores. En este proceso uno de los testigos relat\u00f3 c\u00f3mo los agentes del SIRE beb\u00edan alcohol junto a la camioneta Ford de color rojo, cuando el asesino dispar\u00f3 a \u00d3scar y luego exclam\u00f3 \u201cchucha, adonde te pegu\u00e9 el tunazo Arros\u201d, el mismo Calder\u00f3n declar\u00f3 haber dado el tiro mortal desde una UZI, aunque de forma accidental. Con esto queda establecido el autor del disparo, un avance considerando los m\u00e1s de 35 a\u00f1os de lucha judicial de los familiares por determinar culpables<\/p>\n<p style=\"text-align: justify;\">Arros fue detenido el 25 de septiembre de 1975 en Lota, Nery Neira, su viuda, relata que \u00d3scar sali\u00f3 cerca de las 15.00 hrs. de su casa rumbo al taller donde trabajaba como tornero , en ese lugar, seg\u00fan relatos de sus compa\u00f1eros de trabajo fue detenido cerca de las 18:00 hrs. , pasadas las 00.00 hrs. Nery se entera de la detenci\u00f3n de su esposo, esa misma noche recibe la visita de los agentes del SIRE quienes le corroboran que \u00d3scar est\u00e1 detenido y permanecer\u00e1 en la base El Morro de Talcahuano, le permiten verlo al interior de la camioneta junto al resto de los detenidos. El 27 de septiembre Nery recibe nuevamente la visita de los agentes, quienes llevan a \u00d3scar para que ella en ese entonces de 24 a\u00f1os le cambie ropa, tras dos d\u00edas de torturas el lotino presentaba hematomas y heridas en su espalda y resto del cuerpo, tambi\u00e9n le hab\u00edan arrancado las u\u00f1as de los pies. Finalmente, narran los familiares y testigos, fue ejecutado el 28 de septiembre sobre la camioneta y arrojado a las afueras del hospital de Lota donde fue recogido por el servicio m\u00e9dico legal.<\/p>\n<p style=\"text-align: justify;\"><strong>Biobiochile.cl<\/strong><\/p>\n<p style=\"text-align: justify;\"><strong>14 junio 2013<\/strong><\/p>\n<p style=\"text-align: justify;\"><strong>Ex carabinero es procesado por asesinato de un menor durante dictadura\u00a0<\/strong><\/p>\n<p style=\"text-align: justify;\">El primer procesamiento es contra del ex funcionario de la Armada, Jorge Calder\u00f3n Passalacqua, por la muerte del mirista Oscar Arros Y\u00e1\u00f1ez, en 1975.De acuerdo a la investigaci\u00f3n del ministro Aldana, el marino en retiro dispar\u00f3 en contra de Arros con una ametralladora durante su traslado como detenido desde el estadio El Morro a Lota.La abogada del Programa de Derechos Humanos, Patricia Parra, valor\u00f3 las resoluciones dictadas por el ministro:\u00a0Tanto el ex marino como el carabinero en retiro permanecen en prisi\u00f3n preventiva, el primero en la Base Naval de Talcahuano y el segundo en la Sexta Comisar\u00eda de San Pedro de la Paz.Este s\u00e1bado la Corte de Apelaciones de Concepci\u00f3n revisar\u00e1 las peticiones de libertad condicional presentadas por Calder\u00f3n y Flores.<\/p>\n<p style=\"text-align: justify;\"><strong>Ciperchile.cl<\/strong><\/p>\n<p style=\"text-align: justify;\"><strong>10 de septiembre 2013<\/strong><\/p>\n<p style=\"text-align: justify;\"><strong>FALSEANDO LA HISTORIA.\u00a0<\/strong><\/p>\n<p style=\"text-align: justify;\">\u201cUno de los juicios que grafica c\u00f3mo actuaba la justicia militar de la \u00e9poca, es el que da cuenta del homicidio de Oscar Arros Y\u00e1\u00f1ez, de Concepci\u00f3n. Bajo el ROL N\u00b0 797\/75, y con fecha 30 de noviembre de 1975, el resumen del fiscal indica: \u201cDa cuenta del accidente ocurrido en operativo practicado por personal del CIRE de Concepci\u00f3n (el que dirig\u00eda en calidad de subrogante\u00a0 el capit\u00e1n de fragata Hugo Gonz\u00e1lez D\u2019Arcangeli), causando la muerte de Oscar Arros Y\u00e1nez al tratar \u00e9ste \u00faltimo de arrebatarle el arma que portaba Arturo Calder\u00f3n Passalacqua. En el forcejeo se dispar\u00f3 un tiro impactando a Arros. Se solicita sobreseer total y definitivamente la causa a favor del funcionario Arturo Calder\u00f3n en raz\u00f3n de hallarse el autor exento de responsabilidad criminal\u201d.<\/p>\n<p style=\"text-align: justify;\">Y as\u00ed lo hizo el comandante en jefe de la III Divisi\u00f3n del Ej\u00e9rcito. Pero el Informe Rettig cuenta otra historia: \u201cArros, de 27 a\u00f1os, casado, una hija, era estudiante de la Universidad T\u00e9cnica del Estado y trabajaba como tornero en la Empresa Nacional del Carb\u00f3n (ENACAR). Militante del MIR, fue detenido en su lugar de trabajo el 26 de septiembre de 1975 por agentes de la DINA y llevado al Estadio El Morro de Talcahuano. El 28 de septiembre su cuerpo fue encontrado en la morgue del Hospital de Lota Bajo con evidencias de haber sido torturado y con impactos de bala\u201d.<\/p>\n<p style=\"text-align: justify;\"><strong>La Nacion<\/strong><\/p>\n<p style=\"text-align: justify;\"><strong>26 de Dicienbre 2014<\/strong><\/p>\n<p style=\"text-align: justify;\"><strong>DAN 4 A\u00d1OS DE C\u00c1RCEL A CAPIT\u00c1N DE FRAGATA POR CRIMEN DE MILITANTE DEL MIR<\/strong><\/p>\n<p style=\"text-align: justify;\">Se trata del capit\u00e1n (r) de fragata <em>Arturo Calder\u00f3n Passalaqua<\/em> para qui\u00e9n el juez Carlos Aldana otorg\u00f3 una sentencia en primera instancia de 4 a\u00f1os de c\u00e1rcel por el asesinato de \u00d3scar Arros Y\u00e1\u00f1ez en septiembre de 1975.<\/p>\n<p style=\"text-align: justify;\">El ministro en visita para causas de derechos humanos de la Corte de Apelaciones de Concepci\u00f3n, Carlos Aldana, dict\u00f3 sentencia de primera instancia por el homicidio de \u00d3scar Arros Y\u00e1\u00f1ez, perpetrado el 30 de septiembre de 1975, en Talcahuano.<\/p>\n<p style=\"text-align: justify;\">En la causa, el magistrado conden\u00f3 al capit\u00e1n de fragata (r) Arturo Calder\u00f3n Passalaqua a la pena de 4 a\u00f1os de presidio, en calidad de autor del homicidio del militante del Movimiento de Izquierda Revolucionaria (MIR).<\/p>\n<p style=\"text-align: justify;\">De acuerdo a la resoluci\u00f3n: \u00abEn horas de la madrugada del 30 de septiembre de 1975, en circunstancias que \u00d3scar Segundo Arros Y\u00e1\u00f1ez, militante del MIR, se encontraba detenido en el Estadio El Morro de Talcahuano, a disposici\u00f3n del CIRE, fue transportado vendado y sentado entre los tambi\u00e9n detenidos Antonio Burgos Chaparro y Juan Francisco S\u00e1nchez Dionisio, en la parte trasera o pick up de una camioneta Chevrolet C-10 cerrada, desde el puerto de Talcahuano hacia la ciudad de Lota, siendo custodiado por los funcionarios de la Armada de Chile Luis Alberto R\u00edos Salamanca y Jorge Arturo Calder\u00f3n Passalacqua, quien portaba una pistola ametralladora marca MAC M 10 calibre 9 mm y sin mediar provocaci\u00f3n alguna de parte de Arros Y\u00e1\u00f1ez, Jorge Arturo Calder\u00f3n Passalacqua dispar\u00f3 en su contra, impactando la bala en el brazo derecho y luego en el t\u00f3rax del detenido, ocasion\u00e1ndole una anemia aguda y hemot\u00f3rax, que le provoc\u00f3 la muerte.<\/p>\n<p style=\"text-align: justify;\">Que, los hechos antes descritos, son constitutivos del delito de homicidio previsto y sancionado en el art\u00edculo 391 n\u00b0 2 del C\u00f3digo Penal, por cuanto una persona, que portaba un arma de fuego, dispar\u00f3 una bala en contra de otra, la que le caus\u00f3 la muerte, sin existir causal alguna de justificaci\u00f3n legal al respecto\u00bb, se\u00f1ala el fallo.<br \/>\nEn t\u00e9rminos civiles el ministro Aldana conden\u00f3 al fisco a pagar la suma total de $ 140 millones a los familiares de la v\u00edctima, suma que se divide en: $ 80 millones para Nelly Neira Castro \u2013c\u00f3nyuge de la v\u00edctima- y $ 60 millones para Eli Arros Neira (hija).<\/p>\n","protected":false},"excerpt":{"rendered":"<p>El 28 de septiembre de 1975 fue muerto Oscar Segundo ARROS YA\u00d1EZ, tornero, militante del MIR., Estudiante de la Universidad T\u00e9cnica del Estado, de la carrera de Ingenier\u00eda. \u00c9l hab\u00eda sido detenido el d\u00eda 26 de ese mes en Lota, siendo conducido por miembros de la DINA al Estadio El Morro de Talcahuano. Al d\u00eda [&hellip;]<\/p>\n","protected":false},"author":1,"featured_media":0,"parent":88,"menu_order":0,"comment_status":"closed","ping_status":"closed","template":"","meta":{"pagelayer_contact_templates":[],"_pagelayer_content":""},"_links":{"self":[{"href":"https:\/\/corporacionute-usach.cl\/wp\/wp-json\/wp\/v2\/pages\/719"}],"collection":[{"href":"https:\/\/corporacionute-usach.cl\/wp\/wp-json\/wp\/v2\/pages"}],"about":[{"href":"https:\/\/corporacionute-usach.cl\/wp\/wp-json\/wp\/v2\/types\/page"}],"author":[{"embeddable":true,"href":"https:\/\/corporacionute-usach.cl\/wp\/wp-json\/wp\/v2\/users\/1"}],"replies":[{"embeddable":true,"href":"https:\/\/corporacionute-usach.cl\/wp\/wp-json\/wp\/v2\/comments?post=719"}],"version-history":[{"count":1,"href":"https:\/\/corporacionute-usach.cl\/wp\/wp-json\/wp\/v2\/pages\/719\/revisions"}],"predecessor-version":[{"id":720,"href":"https:\/\/corporacionute-usach.cl\/wp\/wp-json\/wp\/v2\/pages\/719\/revisions\/720"}],"up":[{"embeddable":true,"href":"https:\/\/corporacionute-usach.cl\/wp\/wp-json\/wp\/v2\/pages\/88"}],"wp:attachment":[{"href":"https:\/\/corporacionute-usach.cl\/wp\/wp-json\/wp\/v2\/media?parent=719"}],"curies":[{"name":"wp","href":"https:\/\/api.w.org\/{rel}","templated":true}]}}