{"id":4686,"date":"2021-02-10T11:47:58","date_gmt":"2021-02-10T15:47:58","guid":{"rendered":"https:\/\/corporacionute-usach.cl\/wp\/?page_id=4686"},"modified":"2021-03-05T17:03:15","modified_gmt":"2021-03-05T21:03:15","slug":"sandra-saavedra-l-candidata-a-la-constituyente-distrito-14","status":"publish","type":"page","link":"https:\/\/corporacionute-usach.cl\/wp\/nuestros-candidatos\/sandra-saavedra-l-candidata-a-la-constituyente-distrito-14\/","title":{"rendered":"SANDRA SAAVEDRA L. CANDIDATA A LA CONSTITUYENTE DISTRITO 14"},"content":{"rendered":"<p style=\"text-align: justify;\"><strong><img loading=\"lazy\" class=\"wp-image-4687 alignleft\" src=\"https:\/\/corporacionute-usach.cl\/wp\/wp-content\/uploads\/2021\/02\/SANDRA-SAAVEDRA-CONSTITUYENTE-00-300x200.jpg\" alt=\"\" width=\"387\" height=\"258\" srcset=\"https:\/\/corporacionute-usach.cl\/wp\/wp-content\/uploads\/2021\/02\/SANDRA-SAAVEDRA-CONSTITUYENTE-00-300x200.jpg 300w, https:\/\/corporacionute-usach.cl\/wp\/wp-content\/uploads\/2021\/02\/SANDRA-SAAVEDRA-CONSTITUYENTE-00-768x513.jpg 768w, https:\/\/corporacionute-usach.cl\/wp\/wp-content\/uploads\/2021\/02\/SANDRA-SAAVEDRA-CONSTITUYENTE-00.jpg 1200w\" sizes=\"(max-width: 387px) 100vw, 387px\" \/>1976<\/strong>\u00a0Sandra naci\u00f3 en Berl\u00edn Alemania, vivi\u00f3 su infancia en la Rep\u00fablica Democr\u00e1tica Alemana, que pertenec\u00eda al bloque de pa\u00edses socialista. Nacida de madre alemana (Barbel Lowenberger) y de padre chileno (Fideromo Saavedra), siempre tuvo una ambivalencia entre sus dos nacionalidades, y un profundo sentido de justicia y humanidad por todos los que han sido obligados a dejar su patria.<\/p>\n<p style=\"text-align: justify;\"><strong>1985\u00a0<\/strong>Vuelven a Chile con su familia, para radicarse en Temuco la ciudad natal de su padre, Sandra hace una profunda amistad con la familia Chihualaf, sobre todo con Claudia, que es hija del poeta mapuche Elcira Chihualaf, de esta forma entra en el mundo mapuche desde muy peque\u00f1a, con grandes lazos de amistad y reconocimiento por su cultura.<\/p>\n<p style=\"text-align: justify;\"><strong>1990\u00a0<\/strong>Llega a Santiago, entra al liceo 7 de \u00d1u\u00f1oa y desde ah\u00ed entra el a\u00f1o 1995 a estudia Medicina Veterinaria en la Universidad de Chile, Sandra fue dirigente estudiantes de la Facultad, primero de su generaci\u00f3n y luego como miembro del Centro de Estudiantes, llevando adelante marchas, asambleas y tomas dentro de la facultad y la universidad en el proceso de reforma que da paso a la primer Senado Universitario tripartito del pa\u00eds.<\/p>\n<p style=\"text-align: justify;\"><strong>2001\u00a0<\/strong>Es electa para la Secretaria General de la FECH, momento en que se producen grandes movilizaciones dentro de la universidad con rector\u00eda por la entrega de becas para alimentaci\u00f3n y educaci\u00f3n a los estudiantes de pre-grado, sumado a la demanda por aumentos el cr\u00e9dito a los estudiantes de menores recursos.<\/p>\n<p style=\"text-align: justify;\"><strong>2002 2005\u00a0<\/strong>Sandra es electa en el primer Senado Universitario de la Universidad de Chile como \u00fanica mujer representante del estamento estudiantil, un logro del movimiento estudiantil que dio paso a una nueva institucionalidad y a mayor democracia interna.<\/p>\n<p style=\"text-align: justify;\"><strong>2003\u00a0<\/strong>Es electa nuevamente en la FECH, liderado la directiva por medio de las asambleas de estudiantes y plenos de Federaci\u00f3n, para oponerse a las pol\u00edticas de la derecha dentro del movimiento estudiantil, es as\u00ed como nuevamente el movimiento universitario comienza a manifestarse por demandas de gratuidad en la educaci\u00f3n.<\/p>\n<p style=\"text-align: justify;\"><strong>2004\u00a0<\/strong>Es electa por la Universidad de Chile como Mujer Siglo XXI.<\/p>\n<p style=\"text-align: justify;\"><strong>2006 -2014\u00a0<\/strong>Sandra trabaj\u00f3 para el mejoramiento de los procesos de producci\u00f3n de peque\u00f1os productores campesinos en la IV regi\u00f3n en el programa PRODESAL de INDAP, y posteriormente con productores lecheros de la VIII y X regi\u00f3n del pa\u00eds, implementando la estrategia neozelandesa de producci\u00f3n.<\/p>\n<p style=\"text-align: justify;\"><strong>2014 &#8211; 2017\u00a0<\/strong>Sandra se integra a trabajar en el segundo gobierno de Michelle Bachelet, a cargo de las relaciones laborales del Ministerio de Salud, ayudando a los trabajadores de salud a conseguir mejoras remuneraciones y de calidad de trabajo.<\/p>\n<p style=\"text-align: justify;\"><strong>2018 &#8211; 2020<\/strong>\u00a0Se integra a trabajar en la comunidad de San Bernardo, primero integra la Colectiva de Mujeres Siempre Viva, que se manifiestan contra la violencia de g\u00e9nero en la comuna y luego levanta junto a otros EcoMAestranza, que es una organizaci\u00f3n que lucha por los derechos medioambientales de la comuna. Ambas dos organizaciones est\u00e1n presentes en el estallido social, moviliz\u00e1ndose junto a los vecinos, realizando cabildos ciudadanos y buscan el apruebo de la nueva constituci\u00f3n el 25 de octubre.<\/p>\n<p style=\"text-align: justify;\"><strong>Sandra Saavedra L.<\/strong><\/p>\n<p style=\"text-align: justify;\"><em>M\u00e9dico Veterinario- \u00a0Mag\u00edster(c) Pol\u00edticas P\u00fablicas<\/em><\/p>\n<p style=\"text-align: justify;\">e-mail\u00a0<u><a href=\"mailto:sandra.saavedra.vet@gmail.com\">sandra.saavedra.vet@gmail.com<\/a><\/u><\/p>\n","protected":false},"excerpt":{"rendered":"<p>1976\u00a0Sandra naci\u00f3 en Berl\u00edn Alemania, vivi\u00f3 su infancia en la Rep\u00fablica Democr\u00e1tica Alemana, que pertenec\u00eda al bloque de pa\u00edses socialista. Nacida de madre alemana (Barbel Lowenberger) y de padre chileno (Fideromo Saavedra), siempre tuvo una ambivalencia entre sus dos nacionalidades, y un profundo sentido de justicia y humanidad por todos los que han sido obligados [&hellip;]<\/p>\n","protected":false},"author":3,"featured_media":0,"parent":4505,"menu_order":0,"comment_status":"closed","ping_status":"closed","template":"","meta":{"pagelayer_contact_templates":[],"_pagelayer_content":""},"_links":{"self":[{"href":"https:\/\/corporacionute-usach.cl\/wp\/wp-json\/wp\/v2\/pages\/4686"}],"collection":[{"href":"https:\/\/corporacionute-usach.cl\/wp\/wp-json\/wp\/v2\/pages"}],"about":[{"href":"https:\/\/corporacionute-usach.cl\/wp\/wp-json\/wp\/v2\/types\/page"}],"author":[{"embeddable":true,"href":"https:\/\/corporacionute-usach.cl\/wp\/wp-json\/wp\/v2\/users\/3"}],"replies":[{"embeddable":true,"href":"https:\/\/corporacionute-usach.cl\/wp\/wp-json\/wp\/v2\/comments?post=4686"}],"version-history":[{"count":3,"href":"https:\/\/corporacionute-usach.cl\/wp\/wp-json\/wp\/v2\/pages\/4686\/revisions"}],"predecessor-version":[{"id":4690,"href":"https:\/\/corporacionute-usach.cl\/wp\/wp-json\/wp\/v2\/pages\/4686\/revisions\/4690"}],"up":[{"embeddable":true,"href":"https:\/\/corporacionute-usach.cl\/wp\/wp-json\/wp\/v2\/pages\/4505"}],"wp:attachment":[{"href":"https:\/\/corporacionute-usach.cl\/wp\/wp-json\/wp\/v2\/media?parent=4686"}],"curies":[{"name":"wp","href":"https:\/\/api.w.org\/{rel}","templated":true}]}}